{"id":283,"date":"2024-07-15T09:48:58","date_gmt":"2024-07-15T09:48:58","guid":{"rendered":"https:\/\/tripal.mwsk.sk\/?page_id=283"},"modified":"2024-07-15T09:51:19","modified_gmt":"2024-07-15T09:51:19","slug":"zasady-spracovania-osobnych-udajov","status":"publish","type":"page","link":"https:\/\/tripal.sk\/sk\/zasady-spracovania-osobnych-udajov\/","title":{"rendered":"Z\u00e1sady spracovania osobn\u00fdch \u00fadajov"},"content":{"rendered":"<div class=\"fusion-fullwidth fullwidth-box fusion-builder-row-1 fusion-flex-container has-pattern-background has-mask-background nonhundred-percent-fullwidth non-hundred-percent-height-scrolling\" style=\"--awb-border-radius-top-left:0px;--awb-border-radius-top-right:0px;--awb-border-radius-bottom-right:0px;--awb-border-radius-bottom-left:0px;--awb-margin-top:50px;--awb-flex-wrap:wrap;\" ><div class=\"fusion-builder-row fusion-row fusion-flex-align-items-flex-start fusion-flex-content-wrap\" style=\"max-width:1768px;margin-left: calc(-4% \/ 2 );margin-right: calc(-4% \/ 2 );\"><div class=\"fusion-layout-column fusion_builder_column fusion-builder-column-0 fusion_builder_column_1_1 1_1 fusion-flex-column\" style=\"--awb-bg-size:cover;--awb-width-large:100%;--awb-margin-top-large:0px;--awb-spacing-right-large:1.92%;--awb-margin-bottom-large:20px;--awb-spacing-left-large:1.92%;--awb-width-medium:100%;--awb-order-medium:0;--awb-spacing-right-medium:1.92%;--awb-spacing-left-medium:1.92%;--awb-width-small:100%;--awb-order-small:0;--awb-spacing-right-small:1.92%;--awb-spacing-left-small:1.92%;\"><div class=\"fusion-column-wrapper fusion-column-has-shadow fusion-flex-justify-content-flex-start fusion-content-layout-column\"><div class=\"fusion-title title fusion-title-1 fusion-sep-none fusion-title-center fusion-title-text fusion-title-size-one\"><h1 class=\"fusion-title-heading title-heading-center fusion-responsive-typography-calculated\" style=\"margin:0;--fontSize:40;line-height:var(--awb-typography1-line-height);\">Z\u00e1sady spracovania osobn\u00fdch \u00fadajov<\/h1><\/div><div class=\"fusion-text fusion-text-1\"><ol>\n<li><strong>Dotknut\u00e1 osoba<\/strong>\u00a0\u2013 n\u00e1v\u0161tevn\u00edk str\u00e1nky.<\/li>\n<li><strong>Prev\u00e1dzkovate\u013e<\/strong> \u2013 prev\u00e1dzkovate\u013e webovej str\u00e1nky <a href=\"https:\/\/tripal.sk\">www.tripal.sk<\/a><br \/>\nTRIPAL, s.r.o., Kysuck\u00e1 cesta 3 010 01 \u017dilina, I\u010cO:44730829, DI\u010c:2022802584. Zap\u00edsan\u00e1 v obchodnom registri Okresn\u00e9ho s\u00fadu \u017dilina, oddiel: Sro, vlo\u017eka \u010d. 51170\/L<\/li>\n<li>Dotknut\u00e1 osoba s\u00fahlas\u00ed so spracovan\u00edm osobn\u00fdch \u00fadajov pred\u00e1vaj\u00facim v rozsahu uvedenom ni\u017e\u0161ie.<\/li>\n<li>Prev\u00e1dzkovate\u013e str\u00e1nky zodpovedn\u00e1 za sprac\u00favania osobn\u00fdch \u00fadajov pod\u013ea nariadenia eur\u00f3pskeho parlamentu a rady (E\u00da) 2016\/679, z 27. apr\u00edla 2016 o ochrane fyzick\u00fdch os\u00f4b pri sprac\u00favan\u00ed osobn\u00fdch \u00fadajov a o vo\u013enom pohybe tak\u00fdchto \u00fadajov, (\u010falej len GDPR)<\/li>\n<li>Zoznam osobn\u00fdch \u00fadajov: meno, priezvisko, ulica a \u010d\u00edslo, PS\u010c, mesto, email, telef\u00f3nny kontakt, cookies. Viac inform\u00e1ci\u00ed o cookies n\u00e1jdete ni\u017e\u0161ie.<\/li>\n<li>\u00da\u010dely sprac\u00favania osobn\u00fdch \u00fadajov: vystavenie da\u0148ov\u00e9ho dokladu, kontaktovanie z\u00e1kazn\u00edka oh\u013eadom objedn\u00e1vky, plnenie zmluvy, vybavenie dopytu zaslan\u00e9ho cez kontaktn\u00fd formul\u00e1r \u010di in\u00e9ho opr\u00e1vnen\u00e9ho z\u00e1ujmu. Osobn\u00e9 \u00fadaje sa nesm\u00fa \u010falej sprac\u00fava\u0165 sp\u00f4sobom, ktor\u00fd nie je zlu\u010dite\u013en\u00fd s t\u00fdmito \u00fa\u010delmi.<\/li>\n<li><strong>Pr\u00edjemcovia<\/strong> \u2013 prev\u00e1dzkovate\u013e webovej str\u00e1nky <a href=\"https:\/\/tripal.sk\">www.tripal.sk<\/a>, spolo\u010dnos\u0165 Modern\u00e9 Webstr\u00e1nky s.r.o. zabezpe\u010duj\u00faca technick\u00fa prev\u00e1dzku webstr\u00e1nky.<\/li>\n<li><strong>Sprostredkovatelia<\/strong>\u00a0\u2013 pr\u00edjemcovia \u00fadajov ako Google (<a href=\"https:\/\/privacy.google.com\/businesses\/processorterms\/\" target=\"_blank\" rel=\"noopener noreferrer\">Ads Data Processing Terms<\/a>)<br \/>\nGoogle Analytics a Google AdWords (<a href=\"https:\/\/www.google.com\/analytics\/terms\/dpa\/dataprocessingamendment_20160909.html\" target=\"_blank\" rel=\"noopener noreferrer\">Data Processing Amendment<\/a>), s ktor\u00fdmi m\u00e1me uzavret\u00e9 sprostredkovate\u013esk\u00e9 zmluvy.<\/li>\n<li>Nepred\u00e1vame, neobchodujeme ani \u017eiadnym in\u00fdm sp\u00f4sobom neposkytujeme va\u0161e osobn\u00e9 \u00fadaje in\u00fdm tret\u00edm stran\u00e1m, okrem sprostredkovate\u013eov spomenut\u00fdch v predo\u0161lom bode.<\/li>\n<li>Pr\u00e1vny z\u00e1klad sprac\u00favania osobn\u00fdch \u00fadajov:\n<ol>\n<li>Sprac\u00favanie osobn\u00fdch \u00fadajov (meno, priezvisko, titul, ulica a \u010d\u00edslo, PS\u010c, mesto) je nevyhnutn\u00e9 pod\u013ea osobitn\u00e9ho predpisu alebo medzin\u00e1rodnej zmluvy, ktorou je Slovensk\u00e1 republika viazan\u00e1. Predov\u0161etk\u00fdm pod\u013ea z\u00e1kona \u010d. 222\/2004 Z. z. o dani z pridanej hodnoty.<\/li>\n<li>Sprac\u00favanie osobn\u00fdch \u00fadajov (email, telef\u00f3nny kontakt) je nevyhnutn\u00e9 na plnenie zmluvy.<\/li>\n<li>Ak ste vyjadrili s\u00fahlas so zasielan\u00edm noviniek, ktor\u00fd m\u00f4\u017eete kedyko\u013evek odvola\u0165 kliknut\u00edm na tla\u010didlo\u00a0<em>odhl\u00e1si\u0165<\/em>\u00a0v ktoromko\u013evek informa\u010dnom let\u00e1ku alebo emailovou \u017eiados\u0165ou<\/li>\n<\/ol>\n<\/li>\n<li>Vlo\u017een\u00fd obsah z in\u00fdch webov\u00fdch str\u00e1nok \u2013 \u010dl\u00e1nky na tejto webovej str\u00e1nke m\u00f4\u017eu obsahova\u0165 vlo\u017een\u00fd obsah (napr. vide\u00e1, obr\u00e1zky, \u010dl\u00e1nky a podobne). Vlo\u017een\u00fd obsah z in\u00fdch str\u00e1nok sa chov\u00e1 rovnako, akoby n\u00e1v\u0161tevn\u00edk nav\u0161t\u00edvil in\u00fa webov\u00fa str\u00e1nku. Tieto webov\u00e9 str\u00e1nky m\u00f4\u017eu o v\u00e1s zbiera\u0165 osobn\u00e9 \u00fadaje, pou\u017e\u00edva\u0165 s\u00fabory cookies, vklada\u0165 tre\u0165o-strann\u00e9 sledovanie a monitorova\u0165 va\u0161u interakciu s vlo\u017een\u00fdm obsahom, v\u010detne sledovania va\u0161ej interakcie s vlo\u017een\u00fdm obsahom, ak na danej webovej str\u00e1nke m\u00e1te \u00fa\u010det a ste prihl\u00e1sen\u00fd.<\/li>\n<li>Doba uchov\u00e1vania osobn\u00fdch \u00fadajov: 10 rokov.<\/li>\n<li>Dotknut\u00e1 osoba d\u00e1va s\u00fahlasom s obchodn\u00fdmi podmienkami z\u00e1rove\u0148 svoj v\u00fdslovn\u00fd a bezv\u00fdhradn\u00fd s\u00fahlas, aby prev\u00e1dzkovate\u013e sprac\u00faval jej osobn\u00e9 \u00fadaje na vy\u0161\u0161ie uveden\u00e9 \u00fa\u010dely, po\u010das vy\u0161\u0161ie uvedenej doby a vo vy\u0161\u0161ie uvedenom rozsahu. Dotknut\u00e1 osoba m\u00e1 pr\u00e1vo kedyko\u013evek odvola\u0165 svoj s\u00fahlas. Odvolanie s\u00fahlasu nem\u00e1 vplyv na z\u00e1konnos\u0165 sprac\u00favania vych\u00e1dzaj\u00faceho zo s\u00fahlasu pred jeho odvolan\u00edm. Dotknut\u00e1 osoba je povinn\u00e1 poskytn\u00fa\u0165 pravdiv\u00e9 a aktu\u00e1lne osobn\u00e9 \u00fadaje. Pr\u00e1va dotknutej osoby upravuje kapitola 3 GDPR. Ide napr. o pr\u00e1vo poda\u0165 s\u0165a\u017enos\u0165 dozorn\u00e9mu org\u00e1nu, o pr\u00e1va namieta\u0165 proti sprac\u00favaniu, pr\u00e1vo po\u017eadova\u0165 od prev\u00e1dzkovate\u013ea pr\u00edstup k osobn\u00fdm \u00fadajom t\u00fdkaj\u00facim sa dotknutej osoby, pr\u00e1vo na opravu alebo vymazanie alebo obmedzenie sprac\u00favania osobn\u00fdch \u00fadajov, ako aj pr\u00e1vo na prenosnos\u0165 \u00fadajov.<\/li>\n<li>V pr\u00edpade registr\u00e1cie na webstr\u00e1nke, m\u00e1 z\u00e1kazn\u00edk pr\u00e1vo vymaza\u0165 \u00fa\u010det zaslan\u00edm \u017eiadosti na e-mail prev\u00e1dzkovate\u013ea alebo kliknut\u00edm na tla\u010didlo vymaza\u0165 \u00fa\u010det v rozhran\u00ed svojho \u00fa\u010dtu.<\/li>\n<li>Tieto podmienky s\u00fa platn\u00e9 od 15.7.2024<\/li>\n<\/ol>\n<\/div><\/div><\/div><\/div><\/div>\n","protected":false},"excerpt":{"rendered":"","protected":false},"author":1,"featured_media":0,"parent":0,"menu_order":0,"comment_status":"closed","ping_status":"closed","template":"100-width.php","meta":{"footnotes":""},"class_list":["post-283","page","type-page","status-publish","hentry"],"yoast_head":"<!-- This site is optimized with the Yoast SEO plugin v23.4 - https:\/\/yoast.com\/wordpress\/plugins\/seo\/ -->\n<title>Z\u00e1sady spracovania osobn\u00fdch \u00fadajov - Tripal<\/title>\n<meta name=\"robots\" content=\"index, follow, max-snippet:-1, max-image-preview:large, max-video-preview:-1\" \/>\n<link rel=\"canonical\" href=\"https:\/\/tripal.sk\/sk\/zasady-spracovania-osobnych-udajov\/\" \/>\n<meta property=\"og:locale\" content=\"sk_SK\" \/>\n<meta property=\"og:type\" content=\"article\" \/>\n<meta property=\"og:title\" content=\"Z\u00e1sady spracovania osobn\u00fdch \u00fadajov - Tripal\" \/>\n<meta property=\"og:url\" content=\"https:\/\/tripal.sk\/sk\/zasady-spracovania-osobnych-udajov\/\" \/>\n<meta property=\"og:site_name\" content=\"Tripal\" \/>\n<meta property=\"article:modified_time\" content=\"2024-07-15T09:51:19+00:00\" \/>\n<meta name=\"twitter:card\" content=\"summary_large_image\" \/>\n<meta name=\"twitter:label1\" content=\"Predpokladan\u00fd \u010das \u010d\u00edtania\" \/>\n\t<meta name=\"twitter:data1\" content=\"3 min\u00faty\" \/>\n<script type=\"application\/ld+json\" class=\"yoast-schema-graph\">{\"@context\":\"https:\/\/schema.org\",\"@graph\":[{\"@type\":\"WebPage\",\"@id\":\"https:\/\/tripal.sk\/sk\/zasady-spracovania-osobnych-udajov\/\",\"url\":\"https:\/\/tripal.sk\/sk\/zasady-spracovania-osobnych-udajov\/\",\"name\":\"Z\u00e1sady spracovania osobn\u00fdch \u00fadajov - Tripal\",\"isPartOf\":{\"@id\":\"https:\/\/tripal.sk\/#website\"},\"datePublished\":\"2024-07-15T09:48:58+00:00\",\"dateModified\":\"2024-07-15T09:51:19+00:00\",\"breadcrumb\":{\"@id\":\"https:\/\/tripal.sk\/sk\/zasady-spracovania-osobnych-udajov\/#breadcrumb\"},\"inLanguage\":\"sk-SK\",\"potentialAction\":[{\"@type\":\"ReadAction\",\"target\":[\"https:\/\/tripal.sk\/sk\/zasady-spracovania-osobnych-udajov\/\"]}]},{\"@type\":\"BreadcrumbList\",\"@id\":\"https:\/\/tripal.sk\/sk\/zasady-spracovania-osobnych-udajov\/#breadcrumb\",\"itemListElement\":[{\"@type\":\"ListItem\",\"position\":1,\"name\":\"Domovsk\u00e1 str\u00e1nka\",\"item\":\"https:\/\/tripal.sk\/sk\/\"},{\"@type\":\"ListItem\",\"position\":2,\"name\":\"Z\u00e1sady spracovania osobn\u00fdch \u00fadajov\"}]},{\"@type\":\"WebSite\",\"@id\":\"https:\/\/tripal.sk\/#website\",\"url\":\"https:\/\/tripal.sk\/\",\"name\":\"Tripal\",\"description\":\"Komplexn&eacute; kon&scaron;truovanie, modern&eacute; technol&oacute;gie a cit pre detail\",\"potentialAction\":[{\"@type\":\"SearchAction\",\"target\":{\"@type\":\"EntryPoint\",\"urlTemplate\":\"https:\/\/tripal.sk\/?s={search_term_string}\"},\"query-input\":{\"@type\":\"PropertyValueSpecification\",\"valueRequired\":true,\"valueName\":\"search_term_string\"}}],\"inLanguage\":\"sk-SK\"}]}<\/script>\n<!-- \/ Yoast SEO plugin. -->","yoast_head_json":{"title":"Z\u00e1sady spracovania osobn\u00fdch \u00fadajov - Tripal","robots":{"index":"index","follow":"follow","max-snippet":"max-snippet:-1","max-image-preview":"max-image-preview:large","max-video-preview":"max-video-preview:-1"},"canonical":"https:\/\/tripal.sk\/sk\/zasady-spracovania-osobnych-udajov\/","og_locale":"sk_SK","og_type":"article","og_title":"Z\u00e1sady spracovania osobn\u00fdch \u00fadajov - Tripal","og_url":"https:\/\/tripal.sk\/sk\/zasady-spracovania-osobnych-udajov\/","og_site_name":"Tripal","article_modified_time":"2024-07-15T09:51:19+00:00","twitter_card":"summary_large_image","twitter_misc":{"Predpokladan\u00fd \u010das \u010d\u00edtania":"3 min\u00faty"},"schema":{"@context":"https:\/\/schema.org","@graph":[{"@type":"WebPage","@id":"https:\/\/tripal.sk\/sk\/zasady-spracovania-osobnych-udajov\/","url":"https:\/\/tripal.sk\/sk\/zasady-spracovania-osobnych-udajov\/","name":"Z\u00e1sady spracovania osobn\u00fdch \u00fadajov - Tripal","isPartOf":{"@id":"https:\/\/tripal.sk\/#website"},"datePublished":"2024-07-15T09:48:58+00:00","dateModified":"2024-07-15T09:51:19+00:00","breadcrumb":{"@id":"https:\/\/tripal.sk\/sk\/zasady-spracovania-osobnych-udajov\/#breadcrumb"},"inLanguage":"sk-SK","potentialAction":[{"@type":"ReadAction","target":["https:\/\/tripal.sk\/sk\/zasady-spracovania-osobnych-udajov\/"]}]},{"@type":"BreadcrumbList","@id":"https:\/\/tripal.sk\/sk\/zasady-spracovania-osobnych-udajov\/#breadcrumb","itemListElement":[{"@type":"ListItem","position":1,"name":"Domovsk\u00e1 str\u00e1nka","item":"https:\/\/tripal.sk\/sk\/"},{"@type":"ListItem","position":2,"name":"Z\u00e1sady spracovania osobn\u00fdch \u00fadajov"}]},{"@type":"WebSite","@id":"https:\/\/tripal.sk\/#website","url":"https:\/\/tripal.sk\/","name":"Tripal","description":"Komplexn&eacute; kon&scaron;truovanie, modern&eacute; technol&oacute;gie a cit pre detail","potentialAction":[{"@type":"SearchAction","target":{"@type":"EntryPoint","urlTemplate":"https:\/\/tripal.sk\/?s={search_term_string}"},"query-input":{"@type":"PropertyValueSpecification","valueRequired":true,"valueName":"search_term_string"}}],"inLanguage":"sk-SK"}]}},"_links":{"self":[{"href":"https:\/\/tripal.sk\/sk\/wp-json\/wp\/v2\/pages\/283","targetHints":{"allow":["GET"]}}],"collection":[{"href":"https:\/\/tripal.sk\/sk\/wp-json\/wp\/v2\/pages"}],"about":[{"href":"https:\/\/tripal.sk\/sk\/wp-json\/wp\/v2\/types\/page"}],"author":[{"embeddable":true,"href":"https:\/\/tripal.sk\/sk\/wp-json\/wp\/v2\/users\/1"}],"replies":[{"embeddable":true,"href":"https:\/\/tripal.sk\/sk\/wp-json\/wp\/v2\/comments?post=283"}],"version-history":[{"count":3,"href":"https:\/\/tripal.sk\/sk\/wp-json\/wp\/v2\/pages\/283\/revisions"}],"predecessor-version":[{"id":286,"href":"https:\/\/tripal.sk\/sk\/wp-json\/wp\/v2\/pages\/283\/revisions\/286"}],"wp:attachment":[{"href":"https:\/\/tripal.sk\/sk\/wp-json\/wp\/v2\/media?parent=283"}],"curies":[{"name":"wp","href":"https:\/\/api.w.org\/{rel}","templated":true}]}}