{"id":280,"date":"2024-07-15T09:47:33","date_gmt":"2024-07-15T09:47:33","guid":{"rendered":"https:\/\/tripal.mwsk.sk\/?page_id=280"},"modified":"2024-07-15T09:48:00","modified_gmt":"2024-07-15T09:48:00","slug":"cookies","status":"publish","type":"page","link":"https:\/\/tripal.sk\/sk\/cookies\/","title":{"rendered":"Cookies"},"content":{"rendered":"<div class=\"fusion-fullwidth fullwidth-box fusion-builder-row-1 fusion-flex-container has-pattern-background has-mask-background nonhundred-percent-fullwidth non-hundred-percent-height-scrolling\" style=\"--awb-border-radius-top-left:0px;--awb-border-radius-top-right:0px;--awb-border-radius-bottom-right:0px;--awb-border-radius-bottom-left:0px;--awb-margin-top:50px;--awb-flex-wrap:wrap;\" ><div class=\"fusion-builder-row fusion-row fusion-flex-align-items-flex-start fusion-flex-content-wrap\" style=\"max-width:1768px;margin-left: calc(-4% \/ 2 );margin-right: calc(-4% \/ 2 );\"><div class=\"fusion-layout-column fusion_builder_column fusion-builder-column-0 fusion_builder_column_1_1 1_1 fusion-flex-column\" style=\"--awb-bg-size:cover;--awb-width-large:100%;--awb-margin-top-large:0px;--awb-spacing-right-large:1.92%;--awb-margin-bottom-large:20px;--awb-spacing-left-large:1.92%;--awb-width-medium:100%;--awb-order-medium:0;--awb-spacing-right-medium:1.92%;--awb-spacing-left-medium:1.92%;--awb-width-small:100%;--awb-order-small:0;--awb-spacing-right-small:1.92%;--awb-spacing-left-small:1.92%;\"><div class=\"fusion-column-wrapper fusion-column-has-shadow fusion-flex-justify-content-flex-start fusion-content-layout-column\"><div class=\"fusion-title title fusion-title-1 fusion-sep-none fusion-title-center fusion-title-text fusion-title-size-one\"><h1 class=\"fusion-title-heading title-heading-center fusion-responsive-typography-calculated\" style=\"margin:0;--fontSize:40;line-height:var(--awb-typography1-line-height);\">Cookies<\/h1><\/div><div class=\"fusion-text fusion-text-1\"><ol>\n<li>S cie\u013eom zabezpe\u010di\u0165 riadne fungovanie tejto webovej lokality uklad\u00e1me niekedy na va\u0161om zariaden\u00ed mal\u00e9 d\u00e1tov\u00e9 s\u00fabory, tzv. cookie. Je to be\u017en\u00e1 prax v\u00e4\u010d\u0161iny ve\u013ek\u00fdch webov\u00fdch lokal\u00edt.<\/li>\n<li>S\u00fabor cookie je mal\u00fd textov\u00fd s\u00fabor, ktor\u00fd webov\u00e1 lokalita uklad\u00e1 vo va\u0161om po\u010d\u00edta\u010di alebo mobilnom zariaden\u00ed pri jej prehliadan\u00ed. V\u010faka tomuto s\u00faboru si webov\u00e1 lokalita na ur\u010dit\u00fd \u010das uchov\u00e1va inform\u00e1cie o va\u0161ich krokoch a preferenci\u00e1ch (ako s\u00fa prihlasovacie meno, jazyk, ve\u013ekos\u0165 p\u00edsma a in\u00e9 nastavenia zobrazovania), tak\u017ee ich pri \u010fal\u0161ej n\u00e1v\u0161teve lokality alebo prehliadan\u00ed jej jednotliv\u00fdch str\u00e1nok nemus\u00edte op\u00e4tovne uv\u00e1dza\u0165.<\/li>\n<li>Tieto webstr\u00e1nky pou\u017e\u00edvaj\u00fa s\u00fabory cookies na zapam\u00e4tanie si pou\u017eivate\u013esk\u00fdch nastaven\u00ed, pre lep\u0161ie prisp\u00f4sobenie rekl\u00e1m z\u00e1ujmom n\u00e1v\u0161tevn\u00edkov a pre nevyhnutn\u00fa funkcionalitu webstr\u00e1nok.<\/li>\n<li>S\u00fabory cookie m\u00f4\u017eete kontrolova\u0165 alebo zmaza\u0165 pod\u013ea uv\u00e1\u017eenia \u2013 podrobnosti si pozrite na str\u00e1nke\u00a0<a href=\"https:\/\/www.aboutcookies.org\/\" target=\"_blank\" rel=\"noopener\">aboutcookies.org<\/a>. M\u00f4\u017eete vymaza\u0165 v\u0161etky s\u00fabory cookie ulo\u017een\u00e9 vo svojom po\u010d\u00edta\u010di a v\u00e4\u010d\u0161inu prehliada\u010dov m\u00f4\u017eete nastavi\u0165 tak, aby ste im znemo\u017enili ich ukladanie. V takomto pr\u00edpade v\u0161ak pravdepodobne budete musie\u0165 pri ka\u017edej n\u00e1v\u0161teve webovej lokality manu\u00e1lne upravova\u0165 niektor\u00e9 nastavenia a niektor\u00e9 slu\u017eby a funkcie nebud\u00fa fungova\u0165.<\/li>\n<li>Pou\u017e\u00edvanie s\u00faborov cookie je mo\u017en\u00e9 nastavi\u0165 pomocou v\u00e1\u0161ho internetov\u00e9ho prehliada\u010da. V\u00e4\u010d\u0161ina prehliada\u010dov s\u00fabory cookie automaticky prij\u00edma u\u017e vo \u00favodnom nastaven\u00ed. Webov\u00e9 str\u00e1nky v\u0161ak m\u00f4\u017eete pou\u017e\u00edva\u0165 aj v re\u017eime, ktor\u00fd neumo\u017e\u0148uje zbieranie \u00fadajov o spr\u00e1van\u00ed n\u00e1v\u0161tevn\u00edkov webu \u2013 a to \u00fapravou vlastn\u00fdch nastaven\u00ed webov\u00e9ho prehliada\u010da.<\/li>\n<li>Ak prid\u00e1te koment\u00e1r alebo po\u0161lete spr\u00e1vu cez kontaktn\u00fd formul\u00e1r na na\u0161ej str\u00e1nke, m\u00f4\u017eete s\u00fahlasi\u0165 s ulo\u017een\u00edm v\u00e1\u0161ho mena, e-mailovej adresy a webovej str\u00e1nky do s\u00faborov cookies. Je to pre va\u0161e pohodlie, aby ste nemuseli op\u00e4tovne vyp\u013a\u0148a\u0165 va\u0161e \u00fadaje znovu pri prid\u00e1van\u00ed \u010fal\u0161ieho koment\u00e1ra. Tieto s\u00fabory cookies s\u00fa platn\u00e9 jeden rok.<\/li>\n<li>Ak m\u00e1te na na\u0161ej webovej str\u00e1nke \u00fa\u010det a prihl\u00e1site sa, ulo\u017e\u00edme do\u010dasn\u00e9 s\u00fabory cookies na ur\u010denie toho, \u010di v\u00e1\u0161 prehliada\u010d akceptuje s\u00fabory cookies. Tieto s\u00fabory cookies neobsahuj\u00fa \u017eiadne osobn\u00e9 \u00fadaje a s\u00fa zru\u0161en\u00e9 pri zatvoren\u00ed prehliada\u010da.<\/li>\n<li>Pri prihl\u00e1sen\u00ed nastav\u00edme nieko\u013eko s\u00faborov cookies, aby sme ulo\u017eili va\u0161e prihlasovacie \u00fadaje a nastavenia zobrazenia. Prihlasovacie cookies s\u00fa platn\u00e9 jeden de\u0148 a nastavenia zobrazenia jeden rok. Ak zvol\u00edte mo\u017enos\u0165 \u201czapam\u00e4ta\u0165\u201d, va\u0161e prihl\u00e1senie bude platn\u00e9 dva t\u00fd\u017edne. Pri odhl\u00e1sen\u00ed sa z v\u00e1\u0161ho \u00fa\u010dtu s\u00fa s\u00fabory cookies odstr\u00e1nen\u00e9.<\/li>\n<li>Okrem zabezpe\u010denia riadneho fungovanie str\u00e1nky a u\u013eah\u010denie pr\u00edstupu uklad\u00e1me cookies cielenej reklamy a spracov\u00e1vame ich na z\u00e1klade v\u00e1\u0161ho s\u00fahlasu.<\/li>\n<li>Zbieranie \u00fadajov o spr\u00e1van\u00ed sa n\u00e1v\u0161tevn\u00edkov na webe (\u00fa\u010del cielen\u00e1 reklama) je aktivovan\u00e9 na z\u00e1klade ods\u00fahlasenia n\u00e1v\u0161tevn\u00edkom webu stla\u010den\u00edm tla\u010didla \u201c<strong>S\u00fahlas\u00edm so v\u0161etk\u00fdm<\/strong>\u201d, ktor\u00e9 n\u00e1jdete v cookie banneri v spodnej \u010dasti webovej str\u00e1nky. Uveden\u00e9mu tla\u010didlu predch\u00e1dza upozornenie:\u00a0<em>\u201ePou\u017e\u00edvame s\u00fabory cookies na zlep\u0161enie v\u00e1\u0161ho z\u00e1\u017eitku z prehliadania na\u0161ich webstr\u00e1nok. Radi by sme v\u00e1m zobrazovali prisp\u00f4soben\u00fd obsah a cielen\u00e9 reklamy, vyhodnocovali n\u00e1v\u0161tevnos\u0165 a pochopili, odkia\u013e na\u0161i n\u00e1v\u0161tevn\u00edci prich\u00e1dzaj\u00fa.\u201c\u00a0<\/em>doplnen\u00e9 o odkaz na viac inform\u00e1ci\u00ed smeruj\u00faci na t\u00fato str\u00e1nku.<\/li>\n<li>Zhroma\u017eden\u00e9 cookies s\u00fabory s\u00fa spracov\u00e1van\u00e9 hlavne cez slu\u017eby Google Analytics a Google Adwords, prev\u00e1dzkuje spolo\u010dnos\u0165 Google Inc., so s\u00eddlom 1600 Amphitheatre Parkway, Mountain View, CA 94043, USA. N\u00e1sledne s\u00fa spolo\u010dnos\u0165ou Google Inc. zozbieran\u00e9 \u00fadaje spracov\u00e1van\u00e9 v s\u00falade so Z\u00e1sadami ochrany s\u00fakromia, viac info\u00a0<a href=\"https:\/\/policies.google.com\/privacy?hl=sk#nosharing\" target=\"_blank\" rel=\"noopener\">tu<\/a>.<\/li>\n<li>Prev\u00e1dzkovate\u013e zhroma\u017e\u010fuje na svojej webovej str\u00e1nke nasleduj\u00face s\u00fabory cookies tret\u00edch str\u00e1n:\n<ol>\n<li>Google Analytics za \u00fa\u010delom z\u00edskania \u0161tatistick\u00fdch inform\u00e1ci\u00ed po dobu pod\u013ea nastavenia v\u00e1\u0161ho internetov\u00e9ho prehliada\u010da alebo do odstr\u00e1nenia inform\u00e1ci\u00ed (napr. cez vymaza\u0165 cache)<\/li>\n<li>Google Adwords za \u00fa\u010delom identifik\u00e1cie v r\u00e1mci reklamnej siete spolo\u010dnosti Google, op\u00e4tovn\u00e9 cielenie reklamy (retargeting) po dobu 180 dn\u00ed.<\/li>\n<\/ol>\n<\/li>\n<li>S\u00fabory cookies s\u00fa jedn\u00fdm z va\u0161ich osobn\u00fdch \u00fadajov. Viac inform\u00e1ci\u00ed o z\u00e1sad\u00e1ch spracovania osobn\u00fdch \u00fadajov n\u00e1jdete na\u00a0<a href=\"\/zasady-spracovania-osobnych-udajov\" target=\"blank\" rel=\"noopener\">tomto odkaze<\/a>.<\/li>\n<\/ol>\n<\/div><\/div><\/div><\/div><\/div>\n","protected":false},"excerpt":{"rendered":"","protected":false},"author":1,"featured_media":0,"parent":0,"menu_order":0,"comment_status":"closed","ping_status":"closed","template":"100-width.php","meta":{"footnotes":""},"class_list":["post-280","page","type-page","status-publish","hentry"],"yoast_head":"<!-- This site is optimized with the Yoast SEO plugin v23.4 - https:\/\/yoast.com\/wordpress\/plugins\/seo\/ -->\n<title>Cookies - Tripal<\/title>\n<meta name=\"robots\" content=\"index, follow, max-snippet:-1, max-image-preview:large, max-video-preview:-1\" \/>\n<link rel=\"canonical\" href=\"https:\/\/tripal.sk\/sk\/cookies\/\" \/>\n<meta property=\"og:locale\" content=\"sk_SK\" \/>\n<meta property=\"og:type\" content=\"article\" \/>\n<meta property=\"og:title\" content=\"Cookies - Tripal\" \/>\n<meta property=\"og:url\" content=\"https:\/\/tripal.sk\/sk\/cookies\/\" \/>\n<meta property=\"og:site_name\" content=\"Tripal\" \/>\n<meta property=\"article:modified_time\" content=\"2024-07-15T09:48:00+00:00\" \/>\n<meta name=\"twitter:card\" content=\"summary_large_image\" \/>\n<meta name=\"twitter:label1\" content=\"Predpokladan\u00fd \u010das \u010d\u00edtania\" \/>\n\t<meta name=\"twitter:data1\" content=\"4 min\u00faty\" \/>\n<script type=\"application\/ld+json\" class=\"yoast-schema-graph\">{\"@context\":\"https:\/\/schema.org\",\"@graph\":[{\"@type\":\"WebPage\",\"@id\":\"https:\/\/tripal.sk\/sk\/cookies\/\",\"url\":\"https:\/\/tripal.sk\/sk\/cookies\/\",\"name\":\"Cookies - Tripal\",\"isPartOf\":{\"@id\":\"https:\/\/tripal.sk\/#website\"},\"datePublished\":\"2024-07-15T09:47:33+00:00\",\"dateModified\":\"2024-07-15T09:48:00+00:00\",\"breadcrumb\":{\"@id\":\"https:\/\/tripal.sk\/sk\/cookies\/#breadcrumb\"},\"inLanguage\":\"sk-SK\",\"potentialAction\":[{\"@type\":\"ReadAction\",\"target\":[\"https:\/\/tripal.sk\/sk\/cookies\/\"]}]},{\"@type\":\"BreadcrumbList\",\"@id\":\"https:\/\/tripal.sk\/sk\/cookies\/#breadcrumb\",\"itemListElement\":[{\"@type\":\"ListItem\",\"position\":1,\"name\":\"Domovsk\u00e1 str\u00e1nka\",\"item\":\"https:\/\/tripal.sk\/sk\/\"},{\"@type\":\"ListItem\",\"position\":2,\"name\":\"Cookies\"}]},{\"@type\":\"WebSite\",\"@id\":\"https:\/\/tripal.sk\/#website\",\"url\":\"https:\/\/tripal.sk\/\",\"name\":\"Tripal\",\"description\":\"Komplexn&eacute; kon&scaron;truovanie, modern&eacute; technol&oacute;gie a cit pre detail\",\"potentialAction\":[{\"@type\":\"SearchAction\",\"target\":{\"@type\":\"EntryPoint\",\"urlTemplate\":\"https:\/\/tripal.sk\/?s={search_term_string}\"},\"query-input\":{\"@type\":\"PropertyValueSpecification\",\"valueRequired\":true,\"valueName\":\"search_term_string\"}}],\"inLanguage\":\"sk-SK\"}]}<\/script>\n<!-- \/ Yoast SEO plugin. -->","yoast_head_json":{"title":"Cookies - Tripal","robots":{"index":"index","follow":"follow","max-snippet":"max-snippet:-1","max-image-preview":"max-image-preview:large","max-video-preview":"max-video-preview:-1"},"canonical":"https:\/\/tripal.sk\/sk\/cookies\/","og_locale":"sk_SK","og_type":"article","og_title":"Cookies - Tripal","og_url":"https:\/\/tripal.sk\/sk\/cookies\/","og_site_name":"Tripal","article_modified_time":"2024-07-15T09:48:00+00:00","twitter_card":"summary_large_image","twitter_misc":{"Predpokladan\u00fd \u010das \u010d\u00edtania":"4 min\u00faty"},"schema":{"@context":"https:\/\/schema.org","@graph":[{"@type":"WebPage","@id":"https:\/\/tripal.sk\/sk\/cookies\/","url":"https:\/\/tripal.sk\/sk\/cookies\/","name":"Cookies - Tripal","isPartOf":{"@id":"https:\/\/tripal.sk\/#website"},"datePublished":"2024-07-15T09:47:33+00:00","dateModified":"2024-07-15T09:48:00+00:00","breadcrumb":{"@id":"https:\/\/tripal.sk\/sk\/cookies\/#breadcrumb"},"inLanguage":"sk-SK","potentialAction":[{"@type":"ReadAction","target":["https:\/\/tripal.sk\/sk\/cookies\/"]}]},{"@type":"BreadcrumbList","@id":"https:\/\/tripal.sk\/sk\/cookies\/#breadcrumb","itemListElement":[{"@type":"ListItem","position":1,"name":"Domovsk\u00e1 str\u00e1nka","item":"https:\/\/tripal.sk\/sk\/"},{"@type":"ListItem","position":2,"name":"Cookies"}]},{"@type":"WebSite","@id":"https:\/\/tripal.sk\/#website","url":"https:\/\/tripal.sk\/","name":"Tripal","description":"Komplexn&eacute; kon&scaron;truovanie, modern&eacute; technol&oacute;gie a cit pre detail","potentialAction":[{"@type":"SearchAction","target":{"@type":"EntryPoint","urlTemplate":"https:\/\/tripal.sk\/?s={search_term_string}"},"query-input":{"@type":"PropertyValueSpecification","valueRequired":true,"valueName":"search_term_string"}}],"inLanguage":"sk-SK"}]}},"_links":{"self":[{"href":"https:\/\/tripal.sk\/sk\/wp-json\/wp\/v2\/pages\/280","targetHints":{"allow":["GET"]}}],"collection":[{"href":"https:\/\/tripal.sk\/sk\/wp-json\/wp\/v2\/pages"}],"about":[{"href":"https:\/\/tripal.sk\/sk\/wp-json\/wp\/v2\/types\/page"}],"author":[{"embeddable":true,"href":"https:\/\/tripal.sk\/sk\/wp-json\/wp\/v2\/users\/1"}],"replies":[{"embeddable":true,"href":"https:\/\/tripal.sk\/sk\/wp-json\/wp\/v2\/comments?post=280"}],"version-history":[{"count":2,"href":"https:\/\/tripal.sk\/sk\/wp-json\/wp\/v2\/pages\/280\/revisions"}],"predecessor-version":[{"id":282,"href":"https:\/\/tripal.sk\/sk\/wp-json\/wp\/v2\/pages\/280\/revisions\/282"}],"wp:attachment":[{"href":"https:\/\/tripal.sk\/sk\/wp-json\/wp\/v2\/media?parent=280"}],"curies":[{"name":"wp","href":"https:\/\/api.w.org\/{rel}","templated":true}]}}