{"id":515,"date":"2024-07-15T09:48:58","date_gmt":"2024-07-15T09:48:58","guid":{"rendered":"https:\/\/tripal.mwsk.sk\/grundsaetze-der-verarbeitung-personenbezogener-daten\/"},"modified":"2024-07-16T09:12:52","modified_gmt":"2024-07-16T09:12:52","slug":"grundsaetze-der-verarbeitung-personenbezogener-daten","status":"publish","type":"page","link":"https:\/\/tripal.sk\/de\/grundsaetze-der-verarbeitung-personenbezogener-daten\/","title":{"rendered":"Grunds\u00e4tze der Verarbeitung personenbezogener Daten"},"content":{"rendered":"<div class=\"fusion-fullwidth fullwidth-box fusion-builder-row-1 fusion-flex-container has-pattern-background has-mask-background nonhundred-percent-fullwidth non-hundred-percent-height-scrolling\" style=\"--awb-border-radius-top-left:0px;--awb-border-radius-top-right:0px;--awb-border-radius-bottom-right:0px;--awb-border-radius-bottom-left:0px;--awb-margin-top:50px;--awb-flex-wrap:wrap;\" ><div class=\"fusion-builder-row fusion-row fusion-flex-align-items-flex-start fusion-flex-content-wrap\" style=\"max-width:1768px;margin-left: calc(-4% \/ 2 );margin-right: calc(-4% \/ 2 );\"><div class=\"fusion-layout-column fusion_builder_column fusion-builder-column-0 fusion_builder_column_1_1 1_1 fusion-flex-column\" style=\"--awb-bg-size:cover;--awb-width-large:100%;--awb-margin-top-large:0px;--awb-spacing-right-large:1.92%;--awb-margin-bottom-large:20px;--awb-spacing-left-large:1.92%;--awb-width-medium:100%;--awb-order-medium:0;--awb-spacing-right-medium:1.92%;--awb-spacing-left-medium:1.92%;--awb-width-small:100%;--awb-order-small:0;--awb-spacing-right-small:1.92%;--awb-spacing-left-small:1.92%;\"><div class=\"fusion-column-wrapper fusion-column-has-shadow fusion-flex-justify-content-flex-start fusion-content-layout-column\"><div class=\"fusion-title title fusion-title-1 fusion-sep-none fusion-title-center fusion-title-text fusion-title-size-one\"><h1 class=\"fusion-title-heading title-heading-center fusion-responsive-typography-calculated\" style=\"margin:0;--fontSize:40;line-height:var(--awb-typography1-line-height);\">Grunds\u00e4tze der Verarbeitung personenbezogener Daten<\/h1><\/div><div class=\"fusion-text fusion-text-1\"><div class=\"obchodne-podmienky\">\n<ol>\n<li><strong>Betroffene Person <\/strong>\u2013 Website-Besucher.<\/li>\n<li><strong>Verantwortlicher <\/strong>\u2013 Website-Betreiber www.tripal.sk<br \/>\nTRIPAL, s.r.o., Kysuck\u00e1 cesta 3 010 01 \u017dilina, I\u010cO:44730829, DI\u010c:2022802584. Zap\u00edsan\u00e1 v obchodnom registri Okresn\u00e9ho s\u00fadu \u017dilina, oddiel: Sro, vlo\u017eka \u010d. 51170\/L<\/li>\n<li>Die betroffene Person willigt in die Verarbeitung personenbezogener Daten durch den Verk\u00e4ufer in dem nachstehend beschriebenen Umfang ein.<\/li>\n<li>Der Website-Betreiber ist f\u00fcr die Verarbeitung personenbezogener Daten gem\u00e4\u00df der Verordnung (EU) 2016\/679 des Europ\u00e4ischen Parlaments und des Rates vom 27. April 2016 zum Schutz nat\u00fcrlicher Personen bei der Verarbeitung personenbezogener Daten und zum freien Datenverkehr (nachstehend \u201eDSGVO\u201c genannt) verantwortlich.<\/li>\n<li>Liste der personenbezogenen Daten: Vorname, Nachname, Stra\u00dfe und Hausnummer, Postleitzahl, Ort, E-Mail, telefonischer Kontakt, Cookies. Weitere Informationen \u00fcber Cookies finden Sie weiter unten.<\/li>\n<li>Die Zwecke der Verarbeitung personenbezogener Daten: die Ausstellung eines Steuerbelegs, Kontaktaufnahme mit dem Kunden bez\u00fcglich einer Bestellung, Erf\u00fcllung eines Vertrags, die Bearbeitung einer mittels eines Kontaktformulars \u00fcbermittelten Anfrage oder andere berechtigte Interessen. Personenbezogene Daten d\u00fcrfen nicht in einer Weise weiterverarbeitet werden, die mit diesen Zwecken unvereinbar ist.<\/li>\n<li><strong>Empf\u00e4nger <\/strong>\u2013 Betreiber der Website www.tripal.sk, das Unternehmen Modern\u00e9 Webstr\u00e1nky s.r.o., die den technischen Betrieb der Website gew\u00e4hrleistet..<\/li>\n<li><strong>Auftragsverarbeiter <\/strong>\u2013 Datenempf\u00e4nger wie Google (<a href=\"https:\/\/privacy.google.com\/businesses\/processorterms\/\">Ads Data Processing Terms<\/a>)<br \/>\nGoogle Analytics und Google AdWords (<a href=\"https:\/\/www.google.com\/analytics\/terms\/dpa\/dataprocessingamendment_20160909.html\">Data Processing Amendment<\/a>), mit denen wir Vermittlungsvertr\u00e4ge abgeschlossen haben.<\/li>\n<li>In keiner Weise verkaufen, handeln und gew\u00e4hren wir Ihre personenbezogenen Daten an Dritte weiter, mit Ausnahme der im vorstehenden Absatz genannten Auftragsverarbeiter.<\/li>\n<li>Rechtsgrundlage f\u00fcr die Verarbeitung personenbezogener Daten:\n<ol>\n<li>Die Verarbeitung personenbezogener Daten (Name, Vorname, Titel, Stra\u00dfe und Hausnummer, Postleitzahl, Ort) ist aufgrund einer besonderen Rechtsvorschrift oder eines internationalen Abkommens erforderlich, durch die die Slowakische Republik gebunden ist, insbesondere gem\u00e4\u00df dem Mehrwertsteuergesetz Nr. 222\/2004 Slg.<\/li>\n<li>Die Verarbeitung personenbezogener Daten (E-Mail, Telefonkontakt) ist f\u00fcr die Erf\u00fcllung des Vertrags erforderlich.<\/li>\n<li>Wenn Sie Ihre Zustimmung mit dem Erhalt des Newsletters gegeben haben, k\u00f6nnen Sie Ihre Zustimmung jederzeit widerrufen , indem Sie auf die Schaltfl\u00e4che \u201eAbmelden\u201c in jedem Newsletter klicken, oder per E-Mail-Anfrage<\/li>\n<\/ol>\n<\/li>\n<li>Eingelegte Inhalte von anderen Websites \u2013 Artikel auf dieser Website k\u00f6nnen eingebettete Inhalte (z. B. Videos, Bilder, Artikel usw.) enthalten. Eingebettete Inhalte von anderen Websites verhalten sich genauso, als ob der Besucher eine andere Website besucht h\u00e4tte. Diese Websites k\u00f6nnen Ihre personenbezogene Daten sammeln, Cookies verwenden, Tracking von Dritten einbetten und Ihre Interaktion mit den eingelegten Inhalten \u00fcberwachen, einschlie\u00dflich der Verfolgung Ihrer Interaktion mit den eingelegten Inhalten, wenn Sie ein Konto haben und auf dieser Website angemeldet sind.<\/li>\n<li>Aufbewahrungsfrist der personenbezogenen Daten: 10 Jahre.<\/li>\n<li>Indem die betroffene Person den Bedingungen zustimmt, erteilt sie dem f\u00fcr die Verarbeitung Verantwortlichen ihre ausdr\u00fcckliche und uneingeschr\u00e4nkte Zustimmung zur Verarbeitung ihrer personenbezogenen Daten zu den oben genannten Zwecken, f\u00fcr den oben genannten Zeitraum und in dem oben genannten Umfang. Die betroffene Person hat das Recht, ihre Einwilligung jederzeit zu widerrufen. Durch den Widerruf der Einwilligung wird die Rechtm\u00e4\u00dfigkeit der aufgrund der Einwilligung bis zum Widerruf erfolgten Verarbeitung nicht ber\u00fchrt. Die betroffene Person ist verpflichtet, wahrheitsgem\u00e4\u00dfe und aktuelle personenbezogene Daten anzugeben. Die Rechte der betroffenen Person sind im Kapitel 3 der Datenschutz-Grundverordnung geregelt. Dazu geh\u00f6ren beispielsweise das Recht, eine Beschwerde bei einer Aufsichtsbeh\u00f6rde einzureichen, das Recht, der Verarbeitung zu widersprechen, das Recht, von dem f\u00fcr die Verarbeitung Verantwortlichen Zugang zu den personenbezogenen Daten der betroffenen Person zu verlangen, das Recht auf Berichtigung oder L\u00f6schung oder Einschr\u00e4nkung der Verarbeitung personenbezogener Daten sowie das Recht auf Daten\u00fcbertragbarkeit.<\/li>\n<li>Im Falle einer Registrierung auf der Website hat der Kunde das Recht, sein Konto zu l\u00f6schen, indem er einen Antrag an die E-Mail-Adresse des Verantwortlichen schickt oder auf die Schaltfl\u00e4che \u201eKonto l\u00f6schen\u201c in der Schnittstelle seines Kontos klickt.<\/li>\n<li>Diese Bedingungen sind ab dem 15.7.2024 g\u00fcltig.<\/li>\n<\/ol>\n<\/div>\n<\/div><\/div><\/div><\/div><\/div>\n","protected":false},"excerpt":{"rendered":"","protected":false},"author":1,"featured_media":0,"parent":0,"menu_order":0,"comment_status":"closed","ping_status":"closed","template":"100-width.php","meta":{"footnotes":""},"class_list":["post-515","page","type-page","status-publish","hentry"],"yoast_head":"<!-- This site is optimized with the Yoast SEO plugin v23.4 - https:\/\/yoast.com\/wordpress\/plugins\/seo\/ -->\n<title>Grunds\u00e4tze der Verarbeitung personenbezogener Daten - Tripal<\/title>\n<meta name=\"robots\" content=\"index, follow, max-snippet:-1, max-image-preview:large, max-video-preview:-1\" \/>\n<link rel=\"canonical\" href=\"https:\/\/tripal.sk\/de\/grundsaetze-der-verarbeitung-personenbezogener-daten\/\" \/>\n<meta property=\"og:locale\" content=\"de_DE\" \/>\n<meta property=\"og:type\" content=\"article\" \/>\n<meta property=\"og:title\" content=\"Grunds\u00e4tze der Verarbeitung personenbezogener Daten - Tripal\" \/>\n<meta property=\"og:url\" content=\"https:\/\/tripal.sk\/de\/grundsaetze-der-verarbeitung-personenbezogener-daten\/\" \/>\n<meta property=\"og:site_name\" content=\"Tripal\" \/>\n<meta property=\"article:modified_time\" content=\"2024-07-16T09:12:52+00:00\" \/>\n<meta name=\"twitter:card\" content=\"summary_large_image\" \/>\n<meta name=\"twitter:label1\" content=\"Gesch\u00e4tzte Lesezeit\" \/>\n\t<meta name=\"twitter:data1\" content=\"3\u00a0Minuten\" \/>\n<script type=\"application\/ld+json\" class=\"yoast-schema-graph\">{\"@context\":\"https:\/\/schema.org\",\"@graph\":[{\"@type\":\"WebPage\",\"@id\":\"https:\/\/tripal.sk\/de\/grundsaetze-der-verarbeitung-personenbezogener-daten\/\",\"url\":\"https:\/\/tripal.sk\/de\/grundsaetze-der-verarbeitung-personenbezogener-daten\/\",\"name\":\"Grunds\u00e4tze der Verarbeitung personenbezogener Daten - Tripal\",\"isPartOf\":{\"@id\":\"https:\/\/tripal.sk\/#website\"},\"datePublished\":\"2024-07-15T09:48:58+00:00\",\"dateModified\":\"2024-07-16T09:12:52+00:00\",\"breadcrumb\":{\"@id\":\"https:\/\/tripal.sk\/de\/grundsaetze-der-verarbeitung-personenbezogener-daten\/#breadcrumb\"},\"inLanguage\":\"de\",\"potentialAction\":[{\"@type\":\"ReadAction\",\"target\":[\"https:\/\/tripal.sk\/de\/grundsaetze-der-verarbeitung-personenbezogener-daten\/\"]}]},{\"@type\":\"BreadcrumbList\",\"@id\":\"https:\/\/tripal.sk\/de\/grundsaetze-der-verarbeitung-personenbezogener-daten\/#breadcrumb\",\"itemListElement\":[{\"@type\":\"ListItem\",\"position\":1,\"name\":\"Domovsk\u00e1 str\u00e1nka\",\"item\":\"https:\/\/tripal.sk\/de\/\"},{\"@type\":\"ListItem\",\"position\":2,\"name\":\"Grunds\u00e4tze der Verarbeitung personenbezogener Daten\"}]},{\"@type\":\"WebSite\",\"@id\":\"https:\/\/tripal.sk\/#website\",\"url\":\"https:\/\/tripal.sk\/\",\"name\":\"Tripal\",\"description\":\"Komplexn&eacute; kon&scaron;truovanie, modern&eacute; technol&oacute;gie a cit pre detail\",\"potentialAction\":[{\"@type\":\"SearchAction\",\"target\":{\"@type\":\"EntryPoint\",\"urlTemplate\":\"https:\/\/tripal.sk\/?s={search_term_string}\"},\"query-input\":{\"@type\":\"PropertyValueSpecification\",\"valueRequired\":true,\"valueName\":\"search_term_string\"}}],\"inLanguage\":\"de\"}]}<\/script>\n<!-- \/ Yoast SEO plugin. -->","yoast_head_json":{"title":"Grunds\u00e4tze der Verarbeitung personenbezogener Daten - Tripal","robots":{"index":"index","follow":"follow","max-snippet":"max-snippet:-1","max-image-preview":"max-image-preview:large","max-video-preview":"max-video-preview:-1"},"canonical":"https:\/\/tripal.sk\/de\/grundsaetze-der-verarbeitung-personenbezogener-daten\/","og_locale":"de_DE","og_type":"article","og_title":"Grunds\u00e4tze der Verarbeitung personenbezogener Daten - Tripal","og_url":"https:\/\/tripal.sk\/de\/grundsaetze-der-verarbeitung-personenbezogener-daten\/","og_site_name":"Tripal","article_modified_time":"2024-07-16T09:12:52+00:00","twitter_card":"summary_large_image","twitter_misc":{"Gesch\u00e4tzte Lesezeit":"3\u00a0Minuten"},"schema":{"@context":"https:\/\/schema.org","@graph":[{"@type":"WebPage","@id":"https:\/\/tripal.sk\/de\/grundsaetze-der-verarbeitung-personenbezogener-daten\/","url":"https:\/\/tripal.sk\/de\/grundsaetze-der-verarbeitung-personenbezogener-daten\/","name":"Grunds\u00e4tze der Verarbeitung personenbezogener Daten - Tripal","isPartOf":{"@id":"https:\/\/tripal.sk\/#website"},"datePublished":"2024-07-15T09:48:58+00:00","dateModified":"2024-07-16T09:12:52+00:00","breadcrumb":{"@id":"https:\/\/tripal.sk\/de\/grundsaetze-der-verarbeitung-personenbezogener-daten\/#breadcrumb"},"inLanguage":"de","potentialAction":[{"@type":"ReadAction","target":["https:\/\/tripal.sk\/de\/grundsaetze-der-verarbeitung-personenbezogener-daten\/"]}]},{"@type":"BreadcrumbList","@id":"https:\/\/tripal.sk\/de\/grundsaetze-der-verarbeitung-personenbezogener-daten\/#breadcrumb","itemListElement":[{"@type":"ListItem","position":1,"name":"Domovsk\u00e1 str\u00e1nka","item":"https:\/\/tripal.sk\/de\/"},{"@type":"ListItem","position":2,"name":"Grunds\u00e4tze der Verarbeitung personenbezogener Daten"}]},{"@type":"WebSite","@id":"https:\/\/tripal.sk\/#website","url":"https:\/\/tripal.sk\/","name":"Tripal","description":"Komplexn&eacute; kon&scaron;truovanie, modern&eacute; technol&oacute;gie a cit pre detail","potentialAction":[{"@type":"SearchAction","target":{"@type":"EntryPoint","urlTemplate":"https:\/\/tripal.sk\/?s={search_term_string}"},"query-input":{"@type":"PropertyValueSpecification","valueRequired":true,"valueName":"search_term_string"}}],"inLanguage":"de"}]}},"_links":{"self":[{"href":"https:\/\/tripal.sk\/de\/wp-json\/wp\/v2\/pages\/515","targetHints":{"allow":["GET"]}}],"collection":[{"href":"https:\/\/tripal.sk\/de\/wp-json\/wp\/v2\/pages"}],"about":[{"href":"https:\/\/tripal.sk\/de\/wp-json\/wp\/v2\/types\/page"}],"author":[{"embeddable":true,"href":"https:\/\/tripal.sk\/de\/wp-json\/wp\/v2\/users\/1"}],"replies":[{"embeddable":true,"href":"https:\/\/tripal.sk\/de\/wp-json\/wp\/v2\/comments?post=515"}],"version-history":[{"count":3,"href":"https:\/\/tripal.sk\/de\/wp-json\/wp\/v2\/pages\/515\/revisions"}],"predecessor-version":[{"id":519,"href":"https:\/\/tripal.sk\/de\/wp-json\/wp\/v2\/pages\/515\/revisions\/519"}],"wp:attachment":[{"href":"https:\/\/tripal.sk\/de\/wp-json\/wp\/v2\/media?parent=515"}],"curies":[{"name":"wp","href":"https:\/\/api.w.org\/{rel}","templated":true}]}}