{"id":493,"date":"2024-07-15T09:47:33","date_gmt":"2024-07-15T09:47:33","guid":{"rendered":"https:\/\/tripal.mwsk.sk\/cookies\/"},"modified":"2024-07-16T08:55:18","modified_gmt":"2024-07-16T08:55:18","slug":"cookies","status":"publish","type":"page","link":"https:\/\/tripal.sk\/de\/cookies\/","title":{"rendered":"Cookies"},"content":{"rendered":"<div class=\"fusion-fullwidth fullwidth-box fusion-builder-row-1 fusion-flex-container has-pattern-background has-mask-background nonhundred-percent-fullwidth non-hundred-percent-height-scrolling\" style=\"--awb-border-radius-top-left:0px;--awb-border-radius-top-right:0px;--awb-border-radius-bottom-right:0px;--awb-border-radius-bottom-left:0px;--awb-margin-top:50px;--awb-flex-wrap:wrap;\" ><div class=\"fusion-builder-row fusion-row fusion-flex-align-items-flex-start fusion-flex-content-wrap\" style=\"max-width:1768px;margin-left: calc(-4% \/ 2 );margin-right: calc(-4% \/ 2 );\"><div class=\"fusion-layout-column fusion_builder_column fusion-builder-column-0 fusion_builder_column_1_1 1_1 fusion-flex-column\" style=\"--awb-bg-size:cover;--awb-width-large:100%;--awb-margin-top-large:0px;--awb-spacing-right-large:1.92%;--awb-margin-bottom-large:20px;--awb-spacing-left-large:1.92%;--awb-width-medium:100%;--awb-order-medium:0;--awb-spacing-right-medium:1.92%;--awb-spacing-left-medium:1.92%;--awb-width-small:100%;--awb-order-small:0;--awb-spacing-right-small:1.92%;--awb-spacing-left-small:1.92%;\"><div class=\"fusion-column-wrapper fusion-column-has-shadow fusion-flex-justify-content-flex-start fusion-content-layout-column\"><div class=\"fusion-title title fusion-title-1 fusion-sep-none fusion-title-center fusion-title-text fusion-title-size-one\"><h1 class=\"fusion-title-heading title-heading-center fusion-responsive-typography-calculated\" style=\"margin:0;--fontSize:40;line-height:var(--awb-typography1-line-height);\">Cookies<\/h1><\/div><div class=\"fusion-text fusion-text-1\"><ol>\n<li>Um das reibungslose Funktionieren dieser Website zu gew\u00e4hrleisten, speichern wir manchmal kleine Dateien, so genannte Cookies, auf Ihrem Ger\u00e4t. Dies ist eine g\u00e4ngige Praxis der meisten gro\u00dfen Websites.<\/li>\n<li>Cookie-Komplex ist eine kleine Textdatei, die eine Website auf Ihrem Computer oder Mobilger\u00e4t speichert, wenn Sie sie besuchen. Mit dieser Datei speichert die Website Informationen \u00fcber Ihre Handlungen und Pr\u00e4ferenzen (z. B. Login \u2013 Name, Sprache, Schriftgr\u00f6\u00dfe und andere Anzeigeeinstellungen) f\u00fcr einen bestimmten Zeitraum, so dass Sie diese beim n\u00e4chsten Besuch der Website oder beim Besichtigen der einzelnen Seiten nicht erneut eingeben m\u00fcssen.<\/li>\n<li>Diese Websites verwenden Cookies, um sich an Benutzereinstellungen zu erinnern, Werbung besser auf Interessen der Besucher abzustimmen und f\u00fcr die notwendige Funktionalit\u00e4t der Websites zu sorgen.<\/li>\n<li>Sie k\u00f6nnen Cookies nach eigenem Ermessen kontrollieren oder l\u00f6schen \u2013 siehe&nbsp;<a href=\"https:\/\/www.aboutcookies.org\/\">org<\/a>&nbsp;f\u00fcr weitere Informationen. Sie k\u00f6nnen alle auf Ihrem Computer gespeicherten Cookies l\u00f6schen, und Sie k\u00f6nnen die meisten Browser so einstellen, dass sie nicht gespeichert werden. Wenn Sie dies jedoch tun, m\u00fcssen Sie m\u00f6glicherweise bei jedem Besuch der Website einige Einstellungen manuell vornehmen, und einige Dienste und Funktionen werden m\u00f6glicherweise nicht funktionieren.<\/li>\n<li>Die Verwendung von Cookies kann \u00fcber Ihren Internet-Browser eingestellt werden. Die meisten Browser akzeptieren Cookies automatisch in den Grundeinstellungen. Sie k\u00f6nnen die Website jedoch auch in einem Modus nutzen, der die Erfassung von Daten \u00fcber das Verhalten der Besucher der Website nicht zul\u00e4sst, indem Sie Ihre eigenen Browsereinstellungen anpassen.<\/li>\n<li>Wenn Sie einen Kommentar abgeben oder eine Nachricht \u00fcber das Kontaktformular auf unserer Website senden, k\u00f6nnen Sie der Speicherung Ihres Namens, Ihrer E-Mail-Adresse und Ihrer Website in Cookies zustimmen. Dies dient Ihrer Bequemlichkeit, damit Sie Ihre Daten nicht erneut eingeben m\u00fcssen, wenn Sie einen weiteren Kommentar hinzuf\u00fcgen. Diese Cookies sind ein Jahr lang g\u00fcltig.<\/li>\n<li>Wenn Sie ein Konto auf unserer Website haben und sich einloggen, speichern wir tempor\u00e4re Cookies, um festzustellen, ob Ihr Browser Cookies akzeptiert. Diese Cookies enthalten keine pers\u00f6nlichen Informationen und werden gel\u00f6scht, wenn Sie Ihren Browser schlie\u00dfen.<\/li>\n<li>Wenn Sie sich anmelden, setzen wir einige Cookies, um Ihre Anmeldedaten und Anzeigeeinstellungen zu speichern. Anmelde-Cookies sind einen Tag lang g\u00fcltig, Anzeigeeinstellungen ein Jahr lang. Wenn Sie die Option \u201eAufzeichnen\u201c w\u00e4hlen, ist Ihr Login zwei Wochen lang g\u00fcltig. Wenn Sie sich von Ihrem Konto abmelden, werden die Cookies gel\u00f6scht.<\/li>\n<li>Neben der Gew\u00e4hrleistung des ordnungsgem\u00e4\u00dfen Funktionierens der Website und der Erleichterung des Zugangs speichern wir gezielte Werbe-Cookies und verarbeiten sie auf der Grundlage Ihrer Zustimmung.<\/li>\n<li>Die Sammlung von Daten \u00fcber das Besucherverhalten auf der Website (zum Zweck der gezielten Werbung) wird durch die Zustimmung des Website-Besuchers aktiviert, indem er auf die Schaltfl\u00e4che \u201eZulassen\u201c dr\u00fcckt, die sich im Cookie-Banner am unteren Rand der Website befindet. Dieser Schaltfl\u00e4che ist folgender Haftungsausschluss vorangestellt: \u201eDiese Website verwendet Cookies, um Dienste anzubieten, Werbung zu personalisieren und den Datenverkehr zu analysieren. Durch die Nutzung dieser Website erkl\u00e4ren Sie sich damit einverstanden\u201c.<\/li>\n<li>Die gesammelten Cookies werden haupts\u00e4chlich von Google Analytics und Google Adwords, betrieben von Google Inc. 1600 Amphitheatre Parkway, Mountain View, CA 94043, USA, verarbeitet. Folglich werden die von Google Inc. gesammelten Daten in \u00dcbereinstimmung mit den Datenschutzbestimmungen verarbeitet, weitere Informationen finden Sie&nbsp;<a href=\"https:\/\/policies.google.com\/privacy?hl=sk#nosharing\">hier<\/a>.<\/li>\n<li>Der Verantwortliche \u2013 Betreiber sammelt die folgenden Cookies von Dritten auf seiner Website:\n<ol>\n<li>Von Google Analytics zum Zweck der Erhebung statistischer Daten f\u00fcr einen Zeitraum, der von Ihren Browsereinstellungen abh\u00e4ngt, oder bis die Daten gel\u00f6scht werden (z. B. durch Cache-L\u00f6schen)<\/li>\n<li>Google Adwords zum Zweck der Identifizierung im Rahmen des Werbenetzwerks von Google, wiederholte gezielte Werbung (Retargeting) f\u00fcr einen Zeitraum von 180 Tagen.<\/li>\n<\/ol>\n<\/li>\n<li>Cookies geh\u00f6ren zu Ihren pers\u00f6nlichen Daten. Weitere Informationen \u00fcber unsere Politik zur Verarbeitung personenbezogener Daten finden Sie unter&nbsp;<u><a href=\"\/de\/grundsaetze-der-verarbeitung-personenbezogener-daten\">diesem<\/a>&nbsp;<\/u>Link.<\/li>\n<\/ol>\n<\/div><\/div><\/div><\/div><\/div>\n","protected":false},"excerpt":{"rendered":"","protected":false},"author":1,"featured_media":0,"parent":0,"menu_order":0,"comment_status":"closed","ping_status":"closed","template":"100-width.php","meta":{"footnotes":""},"class_list":["post-493","page","type-page","status-publish","hentry"],"yoast_head":"<!-- This site is optimized with the Yoast SEO plugin v23.4 - https:\/\/yoast.com\/wordpress\/plugins\/seo\/ -->\n<title>Cookies - Tripal<\/title>\n<meta name=\"robots\" content=\"index, follow, max-snippet:-1, max-image-preview:large, max-video-preview:-1\" \/>\n<link rel=\"canonical\" href=\"https:\/\/tripal.sk\/de\/cookies\/\" \/>\n<meta property=\"og:locale\" content=\"de_DE\" \/>\n<meta property=\"og:type\" content=\"article\" \/>\n<meta property=\"og:title\" content=\"Cookies - Tripal\" \/>\n<meta property=\"og:url\" content=\"https:\/\/tripal.sk\/de\/cookies\/\" \/>\n<meta property=\"og:site_name\" content=\"Tripal\" \/>\n<meta property=\"article:modified_time\" content=\"2024-07-16T08:55:18+00:00\" \/>\n<meta name=\"twitter:card\" content=\"summary_large_image\" \/>\n<meta name=\"twitter:label1\" content=\"Gesch\u00e4tzte Lesezeit\" \/>\n\t<meta name=\"twitter:data1\" content=\"4\u00a0Minuten\" \/>\n<script type=\"application\/ld+json\" class=\"yoast-schema-graph\">{\"@context\":\"https:\/\/schema.org\",\"@graph\":[{\"@type\":\"WebPage\",\"@id\":\"https:\/\/tripal.sk\/de\/cookies\/\",\"url\":\"https:\/\/tripal.sk\/de\/cookies\/\",\"name\":\"Cookies - Tripal\",\"isPartOf\":{\"@id\":\"https:\/\/tripal.sk\/#website\"},\"datePublished\":\"2024-07-15T09:47:33+00:00\",\"dateModified\":\"2024-07-16T08:55:18+00:00\",\"breadcrumb\":{\"@id\":\"https:\/\/tripal.sk\/de\/cookies\/#breadcrumb\"},\"inLanguage\":\"de\",\"potentialAction\":[{\"@type\":\"ReadAction\",\"target\":[\"https:\/\/tripal.sk\/de\/cookies\/\"]}]},{\"@type\":\"BreadcrumbList\",\"@id\":\"https:\/\/tripal.sk\/de\/cookies\/#breadcrumb\",\"itemListElement\":[{\"@type\":\"ListItem\",\"position\":1,\"name\":\"Domovsk\u00e1 str\u00e1nka\",\"item\":\"https:\/\/tripal.sk\/de\/\"},{\"@type\":\"ListItem\",\"position\":2,\"name\":\"Cookies\"}]},{\"@type\":\"WebSite\",\"@id\":\"https:\/\/tripal.sk\/#website\",\"url\":\"https:\/\/tripal.sk\/\",\"name\":\"Tripal\",\"description\":\"Komplexn&eacute; kon&scaron;truovanie, modern&eacute; technol&oacute;gie a cit pre detail\",\"potentialAction\":[{\"@type\":\"SearchAction\",\"target\":{\"@type\":\"EntryPoint\",\"urlTemplate\":\"https:\/\/tripal.sk\/?s={search_term_string}\"},\"query-input\":{\"@type\":\"PropertyValueSpecification\",\"valueRequired\":true,\"valueName\":\"search_term_string\"}}],\"inLanguage\":\"de\"}]}<\/script>\n<!-- \/ Yoast SEO plugin. -->","yoast_head_json":{"title":"Cookies - Tripal","robots":{"index":"index","follow":"follow","max-snippet":"max-snippet:-1","max-image-preview":"max-image-preview:large","max-video-preview":"max-video-preview:-1"},"canonical":"https:\/\/tripal.sk\/de\/cookies\/","og_locale":"de_DE","og_type":"article","og_title":"Cookies - Tripal","og_url":"https:\/\/tripal.sk\/de\/cookies\/","og_site_name":"Tripal","article_modified_time":"2024-07-16T08:55:18+00:00","twitter_card":"summary_large_image","twitter_misc":{"Gesch\u00e4tzte Lesezeit":"4\u00a0Minuten"},"schema":{"@context":"https:\/\/schema.org","@graph":[{"@type":"WebPage","@id":"https:\/\/tripal.sk\/de\/cookies\/","url":"https:\/\/tripal.sk\/de\/cookies\/","name":"Cookies - Tripal","isPartOf":{"@id":"https:\/\/tripal.sk\/#website"},"datePublished":"2024-07-15T09:47:33+00:00","dateModified":"2024-07-16T08:55:18+00:00","breadcrumb":{"@id":"https:\/\/tripal.sk\/de\/cookies\/#breadcrumb"},"inLanguage":"de","potentialAction":[{"@type":"ReadAction","target":["https:\/\/tripal.sk\/de\/cookies\/"]}]},{"@type":"BreadcrumbList","@id":"https:\/\/tripal.sk\/de\/cookies\/#breadcrumb","itemListElement":[{"@type":"ListItem","position":1,"name":"Domovsk\u00e1 str\u00e1nka","item":"https:\/\/tripal.sk\/de\/"},{"@type":"ListItem","position":2,"name":"Cookies"}]},{"@type":"WebSite","@id":"https:\/\/tripal.sk\/#website","url":"https:\/\/tripal.sk\/","name":"Tripal","description":"Komplexn&eacute; kon&scaron;truovanie, modern&eacute; technol&oacute;gie a cit pre detail","potentialAction":[{"@type":"SearchAction","target":{"@type":"EntryPoint","urlTemplate":"https:\/\/tripal.sk\/?s={search_term_string}"},"query-input":{"@type":"PropertyValueSpecification","valueRequired":true,"valueName":"search_term_string"}}],"inLanguage":"de"}]}},"_links":{"self":[{"href":"https:\/\/tripal.sk\/de\/wp-json\/wp\/v2\/pages\/493","targetHints":{"allow":["GET"]}}],"collection":[{"href":"https:\/\/tripal.sk\/de\/wp-json\/wp\/v2\/pages"}],"about":[{"href":"https:\/\/tripal.sk\/de\/wp-json\/wp\/v2\/types\/page"}],"author":[{"embeddable":true,"href":"https:\/\/tripal.sk\/de\/wp-json\/wp\/v2\/users\/1"}],"replies":[{"embeddable":true,"href":"https:\/\/tripal.sk\/de\/wp-json\/wp\/v2\/comments?post=493"}],"version-history":[{"count":3,"href":"https:\/\/tripal.sk\/de\/wp-json\/wp\/v2\/pages\/493\/revisions"}],"predecessor-version":[{"id":497,"href":"https:\/\/tripal.sk\/de\/wp-json\/wp\/v2\/pages\/493\/revisions\/497"}],"wp:attachment":[{"href":"https:\/\/tripal.sk\/de\/wp-json\/wp\/v2\/media?parent=493"}],"curies":[{"name":"wp","href":"https:\/\/api.w.org\/{rel}","templated":true}]}}